{"id":100,"date":"2025-11-04T08:18:58","date_gmt":"2025-11-04T08:18:58","guid":{"rendered":"https:\/\/staging-prod-tx.cdcndevelopment.com\/services\/"},"modified":"2026-02-26T07:57:22","modified_gmt":"2026-02-26T07:57:22","slug":"services","status":"publish","type":"page","link":"https:\/\/www.consumerdirecttx.com\/es\/services\/","title":{"rendered":"Servicios"},"content":{"rendered":"<div data-elementor-type=\"wp-page\" data-elementor-id=\"100\" class=\"elementor elementor-100\" data-elementor-post-type=\"page\">\n\t\t\t\t<div class=\"elementor-element elementor-element-45739787 e-con-full e-flex e-con e-parent\" data-id=\"45739787\" data-element_type=\"container\" data-settings=\"{&quot;background_background&quot;:&quot;classic&quot;}\">\n\t\t<div class=\"elementor-element elementor-element-3ed9d0b4 e-con-full elementor-hidden-mobile e-flex e-con e-child\" data-id=\"3ed9d0b4\" data-element_type=\"container\" data-settings=\"{&quot;background_background&quot;:&quot;classic&quot;}\">\n\t\t\t\t<div class=\"elementor-element elementor-element-7c9aef46 elementor-widget__width-initial elementor-widget elementor-widget-heading\" data-id=\"7c9aef46\" data-element_type=\"widget\" data-widget_type=\"heading.default\">\n\t\t\t\t\t<h1 class=\"elementor-heading-title elementor-size-default\"><mark>APOYARTE<\/mark>  <br>EN SU CASA Y EN SU COMUNIDAD<\/h1>\t\t\t\t<\/div>\n\t\t\t\t<\/div>\n\t\t<div class=\"elementor-element elementor-element-7fb3a91a elementor-hidden-desktop elementor-hidden-tablet e-flex e-con-boxed e-con e-child\" data-id=\"7fb3a91a\" data-element_type=\"container\">\n\t\t\t\t\t<div class=\"e-con-inner\">\n\t\t\t\t<div class=\"elementor-element elementor-element-3137092c elementor-widget__width-initial elementor-widget elementor-widget-heading\" data-id=\"3137092c\" data-element_type=\"widget\" data-widget_type=\"heading.default\">\n\t\t\t\t\t<h1 class=\"elementor-heading-title elementor-size-default\"><mark>APOYARTE<\/mark>  <br>EN SU CASA Y EN SU COMUNIDAD<\/h1>\t\t\t\t<\/div>\n\t\t\t\t<div class=\"elementor-element elementor-element-22792d7f elementor-widget-mobile__width-inherit elementor-widget elementor-widget-image\" data-id=\"22792d7f\" data-element_type=\"widget\" data-widget_type=\"image.default\">\n\t\t\t\t\t\t\t\t\t\t\t\t\t\t\t<img decoding=\"async\" src=\"https:\/\/www.consumerdirecttx.com\/wp-content\/uploads\/sites\/23\/2025\/11\/Services-Mobile.png\" title=\"\" alt=\"\" loading=\"lazy\" \/>\t\t\t\t\t\t\t\t\t\t\t\t\t\t\t<\/div>\n\t\t\t\t\t<\/div>\n\t\t\t\t<\/div>\n\t\t\t\t<\/div>\n\t\t<div class=\"elementor-element elementor-element-2bff45af e-flex e-con-boxed e-con e-parent\" data-id=\"2bff45af\" data-element_type=\"container\">\n\t\t\t\t\t<div class=\"e-con-inner\">\n\t\t\t\t<div class=\"elementor-element elementor-element-4cf0be20 section-tag-white elementor-widget elementor-widget-heading\" data-id=\"4cf0be20\" data-element_type=\"widget\" data-widget_type=\"heading.default\">\n\t\t\t\t\t<h2 class=\"elementor-heading-title elementor-size-default\">Nuestros servicios<\/h2>\t\t\t\t<\/div>\n\t\t\t\t<div class=\"elementor-element elementor-element-3e52d572 elementor-widget elementor-widget-heading\" data-id=\"3e52d572\" data-element_type=\"widget\" data-widget_type=\"heading.default\">\n\t\t\t\t\t<h5 class=\"elementor-heading-title elementor-size-default\"><p>Consumer Direct Care Network Texas ofrece Servicios Dirigidos al Consumidor para las personas que quieren dirigir su propio cuidado en el hogar. Entendemos que usted es el experto cuando se trata del cuidado que necesita. Como Agente Fiscal\/Empleador (F\/EA), estamos aqu\u00ed para apoyarlo.<\/p>\n<p>Usted recluta, contrata, forma y gestiona a sus cuidadores. Nosotros nos encargamos de las n\u00f3minas, los impuestos y otras tareas administrativas.<\/p>\n<\/h5>\t\t\t\t<\/div>\n\t\t\t\t\t<\/div>\n\t\t\t\t<\/div>\n\t\t<div class=\"elementor-element elementor-element-f8da2c7 e-flex e-con-boxed e-con e-parent\" data-id=\"f8da2c7\" data-element_type=\"container\">\n\t\t\t\t\t<div class=\"e-con-inner\">\n\t\t<a class=\"elementor-element elementor-element-37040d6 e-con-full e-flex e-con e-child\" data-id=\"37040d6\" data-element_type=\"container\" data-settings=\"{&quot;background_background&quot;:&quot;classic&quot;}\" href=\"https:\/\/www.consumerdirecttx.com\/es\/hhsc-program\/\">\n\t\t<div class=\"elementor-element elementor-element-ec0981e e-con-full e-flex e-con e-child\" data-id=\"ec0981e\" data-element_type=\"container\" data-settings=\"{&quot;background_background&quot;:&quot;classic&quot;}\">\n\t\t\t\t<\/div>\n\t\t<div class=\"elementor-element elementor-element-d4f7b41 e-con-full e-flex e-con e-child\" data-id=\"d4f7b41\" data-element_type=\"container\">\n\t\t\t\t<div class=\"elementor-element elementor-element-0067267 elementor-widget elementor-widget-heading\" data-id=\"0067267\" data-element_type=\"widget\" data-widget_type=\"heading.default\">\n\t\t\t\t\t<div class=\"elementor-heading-title elementor-size-default\">Programas de la HHSC<\/div>\t\t\t\t<\/div>\n\t\t\t\t<div class=\"elementor-element elementor-element-06800fa elementor-widget elementor-widget-text-editor\" data-id=\"06800fa\" data-element_type=\"widget\" data-widget_type=\"text-editor.default\">\n\t\t\t\t\t\t\t\t\t<p>Autodirija su atenci\u00f3n con los Servicios Dirigidos al Consumidor (CDS) a trav\u00e9s de la Comisi\u00f3n del Departamento de Salud y Servicios Humanos de Texas (HHSC).<\/p>\n\t\t\t\t\t\t\t\t<\/div>\n\t\t\t\t<\/div>\n\t\t\t\t<\/a>\n\t\t<a class=\"elementor-element elementor-element-5c37a46 e-con-full e-flex e-con e-child\" data-id=\"5c37a46\" data-element_type=\"container\" data-settings=\"{&quot;background_background&quot;:&quot;classic&quot;}\" href=\"https:\/\/www.consumerdirecttx.com\/es\/managed-care-organizations\/\">\n\t\t<div class=\"elementor-element elementor-element-b3bef50 e-con-full e-flex e-con e-child\" data-id=\"b3bef50\" data-element_type=\"container\" data-settings=\"{&quot;background_background&quot;:&quot;classic&quot;}\">\n\t\t\t\t<\/div>\n\t\t<div class=\"elementor-element elementor-element-405c8f5 e-con-full e-flex e-con e-child\" data-id=\"405c8f5\" data-element_type=\"container\">\n\t\t\t\t<div class=\"elementor-element elementor-element-d84d665 elementor-widget elementor-widget-heading\" data-id=\"d84d665\" data-element_type=\"widget\" data-widget_type=\"heading.default\">\n\t\t\t\t\t<div class=\"elementor-heading-title elementor-size-default\">Programas MCO<\/div>\t\t\t\t<\/div>\n\t\t\t\t<div class=\"elementor-element elementor-element-bda8484 elementor-widget elementor-widget-text-editor\" data-id=\"bda8484\" data-element_type=\"widget\" data-widget_type=\"text-editor.default\">\n\t\t\t\t\t\t\t\t\t<p>Autodirija su atenci\u00f3n con los Servicios Dirigidos al Consumidor (CDS) a trav\u00e9s de organizaciones de atenci\u00f3n administrada (MCO).<\/p>\n\t\t\t\t\t\t\t\t<\/div>\n\t\t\t\t<\/div>\n\t\t\t\t<\/a>\n\t\t\t\t\t<\/div>\n\t\t\t\t<\/div>\n\t\t<div class=\"elementor-element elementor-element-21972956 e-con-full e-flex e-con e-parent\" data-id=\"21972956\" data-element_type=\"container\" data-settings=\"{&quot;background_background&quot;:&quot;classic&quot;}\">\n\t\t<div class=\"elementor-element elementor-element-723ade79 e-con-full e-flex e-con e-child\" data-id=\"723ade79\" data-element_type=\"container\" data-settings=\"{&quot;background_background&quot;:&quot;classic&quot;}\">\n\t\t\t\t<div class=\"elementor-element elementor-element-45c07be2 elementor-widget elementor-widget-heading\" data-id=\"45c07be2\" data-element_type=\"widget\" data-widget_type=\"heading.default\">\n\t\t\t\t\t<h3 class=\"elementor-heading-title elementor-size-default\">\u00bfNecesita m\u00e1s ayuda?<\/h3>\t\t\t\t<\/div>\n\t\t\t\t<div class=\"elementor-element elementor-element-7ef7426a primary-light elementor-widget elementor-widget-button\" data-id=\"7ef7426a\" data-element_type=\"widget\" data-widget_type=\"button.default\">\n\t\t\t\t\t\t\t\t\t\t<a class=\"elementor-button elementor-button-link elementor-size-sm\" href=\"https:\/\/www.consumerdirecttx.com\/es\/contact\/\">\n\t\t\t\t\t\t<span class=\"elementor-button-content-wrapper\">\n\t\t\t\t\t\t\t\t\t<span class=\"elementor-button-text\">Hable con un miembro del equipo<\/span>\n\t\t\t\t\t<\/span>\n\t\t\t\t\t<\/a>\n\t\t\t\t\t\t\t\t<\/div>\n\t\t\t\t<\/div>\n\t\t\t\t<\/div>\n\t\t<div class=\"elementor-element elementor-element-6f25fb1 e-con-full e-flex e-con e-parent\" data-id=\"6f25fb1\" data-element_type=\"container\" data-settings=\"{&quot;background_background&quot;:&quot;classic&quot;}\">\n\t\t<div class=\"elementor-element elementor-element-cdda00a e-flex e-con-boxed e-con e-child\" data-id=\"cdda00a\" data-element_type=\"container\">\n\t\t\t\t\t<div class=\"e-con-inner\">\n\t\t\t\t<div class=\"elementor-element elementor-element-b2d8e22 section-tag-grey elementor-widget elementor-widget-heading\" data-id=\"b2d8e22\" data-element_type=\"widget\" data-widget_type=\"heading.default\">\n\t\t\t\t\t<h2 class=\"elementor-heading-title elementor-size-default\">Oficinas en Texas<\/h2>\t\t\t\t<\/div>\n\t\t\t\t<div class=\"elementor-element elementor-element-5017d65 elementor-widget__width-inherit elementor-widget-mobile__width-inherit elementor-widget elementor-widget-heading\" data-id=\"5017d65\" data-element_type=\"widget\" data-widget_type=\"heading.default\">\n\t\t\t\t\t<h4 class=\"elementor-heading-title elementor-size-default\">Proporcionamos servicios de atenci\u00f3n a domicilio en todo Texas. Nuestra oficina local cuenta con miembros de la comunidad dedicados a ayudarle a dirigir su cuidado.<\/h4>\t\t\t\t<\/div>\n\t\t\t\t\t<\/div>\n\t\t\t\t<\/div>\n\t\t<div class=\"elementor-element elementor-element-68f5bf1 e-flex e-con-boxed e-con e-child\" data-id=\"68f5bf1\" data-element_type=\"container\">\n\t\t\t\t\t<div class=\"e-con-inner\">\n\t\t\t\t<div class=\"elementor-element elementor-element-c14abbf elementor-pagination-type-progressbar location-carousel trp-no-translate elementor-arrows-position-inside elementor-widget elementor-widget-n-carousel\" data-id=\"c14abbf\" data-element_type=\"widget\" data-settings=\"{&quot;carousel_items&quot;:[{&quot;slide_title&quot;:&quot;Slide #1&quot;,&quot;_id&quot;:&quot;72ad4c3&quot;},{&quot;slide_title&quot;:&quot;Slide #2&quot;,&quot;_id&quot;:&quot;1253afe&quot;}],&quot;slides_to_show&quot;:&quot;2&quot;,&quot;slides_to_scroll_mobile&quot;:&quot;1&quot;,&quot;offset_sides&quot;:&quot;right&quot;,&quot;offset_width&quot;:{&quot;unit&quot;:&quot;px&quot;,&quot;size&quot;:0,&quot;sizes&quot;:[]},&quot;offset_width_tablet&quot;:{&quot;unit&quot;:&quot;px&quot;,&quot;size&quot;:0,&quot;sizes&quot;:[]},&quot;offset_width_mobile&quot;:{&quot;unit&quot;:&quot;px&quot;,&quot;size&quot;:137,&quot;sizes&quot;:[]},&quot;pagination&quot;:&quot;progressbar&quot;,&quot;image_spacing_custom&quot;:{&quot;unit&quot;:&quot;px&quot;,&quot;size&quot;:24,&quot;sizes&quot;:[]},&quot;image_spacing_custom_mobile&quot;:{&quot;unit&quot;:&quot;px&quot;,&quot;size&quot;:16,&quot;sizes&quot;:[]},&quot;slides_to_show_tablet&quot;:&quot;2&quot;,&quot;slides_to_show_mobile&quot;:&quot;1&quot;,&quot;infinite&quot;:&quot;yes&quot;,&quot;speed&quot;:500,&quot;arrows&quot;:&quot;yes&quot;,&quot;image_spacing_custom_tablet&quot;:{&quot;unit&quot;:&quot;px&quot;,&quot;size&quot;:&quot;&quot;,&quot;sizes&quot;:[]}}\" data-widget_type=\"nested-carousel.default\" data-no-translation=\"\">\n\t\t\t\t\t\t\t<div class=\"e-n-carousel swiper\" role=\"region\" aria-roledescription=\"carousel\" aria-label=\"Carousel\" dir=\"ltr\">\n\t\t\t<div class=\"swiper-wrapper\" aria-live=\"polite\">\n\t\t\t\t\t\t\t\t\t\t<div class=\"swiper-slide\" data-slide=\"1\" role=\"group\" aria-roledescription=\"slide\" aria-label=\"1 of 2\">\n\t\t\t\t\t\t\t<div class=\"elementor-element elementor-element-6ce2b18 e-con-full e-flex e-con e-child\" data-id=\"6ce2b18\" data-element_type=\"container\">\n\t\t<a class=\"elementor-element elementor-element-99dec86 e-con-full e-flex e-con e-child\" data-id=\"99dec86\" data-element_type=\"container\" data-settings=\"{&quot;background_background&quot;:&quot;classic&quot;}\" href=\"https:\/\/www.consumerdirecttx.com\/es\/locations\/\" target=\"_blank\">\n\t\t<div class=\"elementor-element elementor-element-3486798 e-con-full e-flex e-con e-child\" data-id=\"3486798\" data-element_type=\"container\" data-settings=\"{&quot;background_background&quot;:&quot;classic&quot;}\">\n\t\t\t\t<div class=\"elementor-element elementor-element-cad454c elementor-widget elementor-widget-heading\" data-id=\"cad454c\" data-element_type=\"widget\" data-widget_type=\"heading.default\">\n\t\t\t\t\t<h4 class=\"elementor-heading-title elementor-size-default\">Richardson<\/h4>\t\t\t\t<\/div>\n\t\t\t\t<\/div>\n\t\t\t\t<\/a>\n\t\t\t\t<\/div>\n\t\t\t\t\t\t\t\t<\/div>\n\t\t\t\t\t\t\t\t\t\t\t<div class=\"swiper-slide\" data-slide=\"2\" role=\"group\" aria-roledescription=\"slide\" aria-label=\"2 of 2\">\n\t\t\t\t\t\t\t<div class=\"elementor-element elementor-element-c92dc46 e-con-full e-flex e-con e-child\" data-id=\"c92dc46\" data-element_type=\"container\">\n\t\t<a class=\"elementor-element elementor-element-c07b178 e-con-full e-flex e-con e-child\" data-id=\"c07b178\" data-element_type=\"container\" data-settings=\"{&quot;background_background&quot;:&quot;classic&quot;}\" href=\"https:\/\/www.consumerdirecttx.com\/es\/locations\/\" target=\"_blank\">\n\t\t<div class=\"elementor-element elementor-element-f13db9f e-con-full e-flex e-con e-child\" data-id=\"f13db9f\" data-element_type=\"container\" data-settings=\"{&quot;background_background&quot;:&quot;classic&quot;}\">\n\t\t\t\t<div class=\"elementor-element elementor-element-f7cdd38 elementor-widget elementor-widget-heading\" data-id=\"f7cdd38\" data-element_type=\"widget\" data-widget_type=\"heading.default\">\n\t\t\t\t\t<h4 class=\"elementor-heading-title elementor-size-default\">Austin<\/h4>\t\t\t\t<\/div>\n\t\t\t\t<\/div>\n\t\t\t\t<\/a>\n\t\t\t\t<\/div>\n\t\t\t\t\t\t\t\t<\/div>\n\t\t\t\t\t\t\t\t<\/div>\n\t\t<\/div>\n\t\t\t\t\t<div class=\"elementor-swiper-button elementor-swiper-button-prev\" role=\"button\" tabindex=\"0\" aria-label=\"Previous\">\n\t\t\t\t<svg xmlns=\"http:\/\/www.w3.org\/2000\/svg\" width=\"56\" height=\"56\" viewbox=\"0 0 56 56\" fill=\"none\"><circle cx=\"28\" cy=\"28\" r=\"27\" transform=\"matrix(1 -8.74228e-08 -8.74228e-08 -1 0 56)\" stroke=\"#D0CFCD\" stroke-width=\"2\"><\/circle><path d=\"M23.825 27L36 27L36 29L23.825 29L29.425 34.6L28 36L20 28L28 20L29.425 21.4L23.825 27Z\" fill=\"#003764\"><\/path><\/svg>\t\t\t<\/div>\n\t\t\t<div class=\"elementor-swiper-button elementor-swiper-button-next\" role=\"button\" tabindex=\"0\" aria-label=\"Next\">\n\t\t\t\t<svg xmlns=\"http:\/\/www.w3.org\/2000\/svg\" width=\"56\" height=\"56\" viewbox=\"0 0 56 56\" fill=\"none\"><circle cx=\"28\" cy=\"28\" r=\"27\" transform=\"matrix(-1 0 0 1 56 0)\" stroke=\"#D0CFCD\" stroke-width=\"2\"><\/circle><g clip-path=\"url(#clip0_4136_24696)\"><path fill-rule=\"evenodd\" clip-rule=\"evenodd\" d=\"M31.2366 21.2719C30.8949 20.9302 30.3409 20.9302 29.9992 21.2719C29.6575 21.6136 29.6575 22.1676 29.9992 22.5093L34.6146 27.1247H19.2725C18.7892 27.1247 18.3975 27.5165 18.3975 27.9997C18.3975 28.483 18.7892 28.8747 19.2725 28.8747H34.6146L29.9992 33.4901C29.6575 33.8318 29.6575 34.3858 29.9992 34.7275C30.3409 35.0692 30.8949 35.0692 31.2366 34.7275L37.3457 28.6184C37.433 28.5312 37.4979 28.4301 37.5406 28.3223C37.5763 28.2321 37.5965 28.1372 37.601 28.0417C37.6017 28.0277 37.602 28.0137 37.602 27.9997C37.602 27.8839 37.5795 27.7733 37.5386 27.6722C37.4959 27.5662 37.4316 27.4669 37.3457 27.381L31.2366 21.2719Z\" fill=\"#003764\"><\/path><\/g><defs><clippath id=\"clip0_4136_24696\"><rect width=\"19.2\" height=\"19.2\" fill=\"white\" transform=\"translate(18.3999 18.3984)\"><\/rect><\/clippath><\/defs><\/svg>\t\t\t<\/div>\n\t\t\t\t\t<div class=\"swiper-pagination\"><\/div>\n\t\t\t\t\t\t<\/div>\n\t\t\t\t\t<\/div>\n\t\t\t\t<\/div>\n\t\t\t\t<\/div>\n\t\t\t\t<\/div>","protected":false},"excerpt":{"rendered":"<p>Need more help? Talk to a Team Member<\/p>","protected":false},"author":1,"featured_media":0,"parent":0,"menu_order":0,"comment_status":"closed","ping_status":"closed","template":"","meta":{"_acf_changed":false,"footnotes":""},"class_list":["post-100","page","type-page","status-publish","hentry"],"acf":[],"yoast_head":"<!-- This site is optimized with the Yoast SEO plugin v26.0 - https:\/\/yoast.com\/wordpress\/plugins\/seo\/ -->\n<title>Services - Texas - Consumer Direct Care<\/title>\n<meta name=\"robots\" content=\"index, follow, max-snippet:-1, max-image-preview:large, max-video-preview:-1\" \/>\n<link rel=\"canonical\" href=\"https:\/\/www.consumerdirecttx.com\/es\/services\/\" \/>\n<meta property=\"og:locale\" content=\"es_ES\" \/>\n<meta property=\"og:type\" content=\"article\" \/>\n<meta property=\"og:title\" content=\"Services - Texas - Consumer Direct Care\" \/>\n<meta property=\"og:description\" content=\"Need more help? Talk to a Team Member\" \/>\n<meta property=\"og:url\" content=\"https:\/\/www.consumerdirecttx.com\/es\/services\/\" \/>\n<meta property=\"og:site_name\" content=\"Texas - Consumer Direct Care\" \/>\n<meta property=\"article:modified_time\" content=\"2026-02-26T07:57:22+00:00\" \/>\n<meta name=\"twitter:card\" content=\"summary_large_image\" \/>\n<meta name=\"twitter:label1\" content=\"Tiempo de lectura\" \/>\n\t<meta name=\"twitter:data1\" content=\"1 minuto\" \/>\n<script type=\"application\/ld+json\" class=\"yoast-schema-graph\">{\"@context\":\"https:\/\/schema.org\",\"@graph\":[{\"@type\":\"WebPage\",\"@id\":\"https:\/\/www.consumerdirecttx.com\/services\/\",\"url\":\"https:\/\/www.consumerdirecttx.com\/services\/\",\"name\":\"Services - Texas - Consumer Direct Care\",\"isPartOf\":{\"@id\":\"https:\/\/www.consumerdirecttx.com\/#website\"},\"datePublished\":\"2025-11-04T08:18:58+00:00\",\"dateModified\":\"2026-02-26T07:57:22+00:00\",\"breadcrumb\":{\"@id\":\"https:\/\/www.consumerdirecttx.com\/services\/#breadcrumb\"},\"inLanguage\":\"es\",\"potentialAction\":[{\"@type\":\"ReadAction\",\"target\":[\"https:\/\/www.consumerdirecttx.com\/services\/\"]}]},{\"@type\":\"BreadcrumbList\",\"@id\":\"https:\/\/www.consumerdirecttx.com\/services\/#breadcrumb\",\"itemListElement\":[{\"@type\":\"ListItem\",\"position\":1,\"name\":\"Home\",\"item\":\"https:\/\/www.consumerdirecttx.com\/\"},{\"@type\":\"ListItem\",\"position\":2,\"name\":\"Services\"}]},{\"@type\":\"WebSite\",\"@id\":\"https:\/\/www.consumerdirecttx.com\/#website\",\"url\":\"https:\/\/www.consumerdirecttx.com\/\",\"name\":\"Texas - Consumer Direct Care\",\"description\":\"\",\"publisher\":{\"@id\":\"https:\/\/www.consumerdirecttx.com\/#organization\"},\"potentialAction\":[{\"@type\":\"SearchAction\",\"target\":{\"@type\":\"EntryPoint\",\"urlTemplate\":\"https:\/\/www.consumerdirecttx.com\/?s={search_term_string}\"},\"query-input\":{\"@type\":\"PropertyValueSpecification\",\"valueRequired\":true,\"valueName\":\"search_term_string\"}}],\"inLanguage\":\"es\"},{\"@type\":\"Organization\",\"@id\":\"https:\/\/www.consumerdirecttx.com\/#organization\",\"name\":\"Texas - Consumer Direct Care\",\"url\":\"https:\/\/www.consumerdirecttx.com\/\",\"logo\":{\"@type\":\"ImageObject\",\"inLanguage\":\"es\",\"@id\":\"https:\/\/www.consumerdirecttx.com\/#\/schema\/logo\/image\/\",\"url\":\"https:\/\/www.consumerdirecttx.com\/wp-content\/uploads\/sites\/23\/2025\/11\/Texas-Logo.png\",\"contentUrl\":\"https:\/\/www.consumerdirecttx.com\/wp-content\/uploads\/sites\/23\/2025\/11\/Texas-Logo.png\",\"width\":159,\"height\":48,\"caption\":\"Texas - Consumer Direct Care\"},\"image\":{\"@id\":\"https:\/\/www.consumerdirecttx.com\/#\/schema\/logo\/image\/\"}}]}<\/script>\n<!-- \/ Yoast SEO plugin. -->","yoast_head_json":{"title":"Services - Texas - Consumer Direct Care","robots":{"index":"index","follow":"follow","max-snippet":"max-snippet:-1","max-image-preview":"max-image-preview:large","max-video-preview":"max-video-preview:-1"},"canonical":"https:\/\/www.consumerdirecttx.com\/es\/services\/","og_locale":"es_ES","og_type":"article","og_title":"Services - Texas - Consumer Direct Care","og_description":"Need more help? Talk to a Team Member","og_url":"https:\/\/www.consumerdirecttx.com\/es\/services\/","og_site_name":"Texas - Consumer Direct Care","article_modified_time":"2026-02-26T07:57:22+00:00","twitter_card":"summary_large_image","twitter_misc":{"Tiempo de lectura":"1 minuto"},"schema":{"@context":"https:\/\/schema.org","@graph":[{"@type":"WebPage","@id":"https:\/\/www.consumerdirecttx.com\/services\/","url":"https:\/\/www.consumerdirecttx.com\/services\/","name":"Services - Texas - Consumer Direct Care","isPartOf":{"@id":"https:\/\/www.consumerdirecttx.com\/#website"},"datePublished":"2025-11-04T08:18:58+00:00","dateModified":"2026-02-26T07:57:22+00:00","breadcrumb":{"@id":"https:\/\/www.consumerdirecttx.com\/services\/#breadcrumb"},"inLanguage":"es","potentialAction":[{"@type":"ReadAction","target":["https:\/\/www.consumerdirecttx.com\/services\/"]}]},{"@type":"BreadcrumbList","@id":"https:\/\/www.consumerdirecttx.com\/services\/#breadcrumb","itemListElement":[{"@type":"ListItem","position":1,"name":"Home","item":"https:\/\/www.consumerdirecttx.com\/"},{"@type":"ListItem","position":2,"name":"Services"}]},{"@type":"WebSite","@id":"https:\/\/www.consumerdirecttx.com\/#website","url":"https:\/\/www.consumerdirecttx.com\/","name":"Texas - Consumer Direct Care","description":"","publisher":{"@id":"https:\/\/www.consumerdirecttx.com\/#organization"},"potentialAction":[{"@type":"SearchAction","target":{"@type":"EntryPoint","urlTemplate":"https:\/\/www.consumerdirecttx.com\/?s={search_term_string}"},"query-input":{"@type":"PropertyValueSpecification","valueRequired":true,"valueName":"search_term_string"}}],"inLanguage":"es"},{"@type":"Organization","@id":"https:\/\/www.consumerdirecttx.com\/#organization","name":"Texas - Consumer Direct Care","url":"https:\/\/www.consumerdirecttx.com\/","logo":{"@type":"ImageObject","inLanguage":"es","@id":"https:\/\/www.consumerdirecttx.com\/#\/schema\/logo\/image\/","url":"https:\/\/www.consumerdirecttx.com\/wp-content\/uploads\/sites\/23\/2025\/11\/Texas-Logo.png","contentUrl":"https:\/\/www.consumerdirecttx.com\/wp-content\/uploads\/sites\/23\/2025\/11\/Texas-Logo.png","width":159,"height":48,"caption":"Texas - Consumer Direct Care"},"image":{"@id":"https:\/\/www.consumerdirecttx.com\/#\/schema\/logo\/image\/"}}]}},"_links":{"self":[{"href":"https:\/\/www.consumerdirecttx.com\/es\/wp-json\/wp\/v2\/pages\/100","targetHints":{"allow":["GET"]}}],"collection":[{"href":"https:\/\/www.consumerdirecttx.com\/es\/wp-json\/wp\/v2\/pages"}],"about":[{"href":"https:\/\/www.consumerdirecttx.com\/es\/wp-json\/wp\/v2\/types\/page"}],"author":[{"embeddable":true,"href":"https:\/\/www.consumerdirecttx.com\/es\/wp-json\/wp\/v2\/users\/1"}],"replies":[{"embeddable":true,"href":"https:\/\/www.consumerdirecttx.com\/es\/wp-json\/wp\/v2\/comments?post=100"}],"version-history":[{"count":106,"href":"https:\/\/www.consumerdirecttx.com\/es\/wp-json\/wp\/v2\/pages\/100\/revisions"}],"predecessor-version":[{"id":3192,"href":"https:\/\/www.consumerdirecttx.com\/es\/wp-json\/wp\/v2\/pages\/100\/revisions\/3192"}],"wp:attachment":[{"href":"https:\/\/www.consumerdirecttx.com\/es\/wp-json\/wp\/v2\/media?parent=100"}],"curies":[{"name":"wp","href":"https:\/\/api.w.org\/{rel}","templated":true}]}}